{"id":1825,"date":"2025-06-04T08:02:35","date_gmt":"2025-06-04T08:02:35","guid":{"rendered":"https:\/\/yellowgreen-pigeon-208339.hostingersite.com\/?page_id=1825"},"modified":"2025-10-23T16:17:56","modified_gmt":"2025-10-23T16:17:56","slug":"wordpress","status":"publish","type":"page","link":"https:\/\/sivukehitys.com\/fi\/wordpress\/","title":{"rendered":"WordPress"},"content":{"rendered":"<div class=\"wp-block-uagb-container other-page-first-section uag-blocks-common-selector uagb-block-2f179a9d alignfull uagb-is-root-container\"><div class=\"uagb-container-inner-blocks-wrap\">\n<div class=\"wp-block-uagb-advanced-heading uagb-block-b63e11bc\"><h1 class=\"uagb-heading-text\">WordPress verkkosivut<\/h1><\/div>\n<\/div><\/div>\n\n\n\n<div class=\"wp-block-uagb-container uagb-block-1e553db1 alignfull uagb-is-root-container\"><div class=\"uagb-container-inner-blocks-wrap\">\n<div class=\"wp-block-uagb-container uagb-block-0fe29f7f\">\n<div class=\"wp-block-uagb-advanced-heading uagb-block-d7322002\"><h2 class=\"uagb-heading-text\">Yleist\u00e4 tietoa<\/h2><\/div>\n<\/div>\n\n\n\n<div class=\"wp-block-uagb-container uagb-block-8615595a\">\n<p><strong>WordPress on luotetuin alusta yritysten verkkosivustojen rakentamiseen, ja hyv\u00e4st\u00e4 syyst\u00e4.<\/strong> Se on joustava, luotettava ja suunniteltu kasvamaan tarpeidesi mukana. Olitpa sitten julkaisemassa yksinkertaista yhden sivun sivustoa tai edistyneemp\u00e4\u00e4, mukautettuja ominaisuuksia sis\u00e4lt\u00e4v\u00e4\u00e4 kokonaisuutta, WordPressin avulla sis\u00e4ll\u00f6n hallinta, sivuston p\u00e4ivitt\u00e4minen ja hallinnan s\u00e4ilytt\u00e4minen on helppoa ilman kehitt\u00e4j\u00e4n apua joka kerta. Tuhansien ty\u00f6kalujen ja integraatioiden ansiosta se on rakennettu tukemaan todellisia liiketoimintatavoitteita \u2013 kuten uusien asiakkaiden houkuttelemista, verkkon\u00e4kyvyyden parantamista ja ihmisten luottamuksen lis\u00e4\u00e4mist\u00e4 br\u00e4ndiisi. Lis\u00e4ksi se on optimoitu hakukoneoptimoinnille ja mobiiliyst\u00e4v\u00e4llinen oletuksena, joten aloitat vankalta pohjalta heti ensimm\u00e4isest\u00e4 p\u00e4iv\u00e4st\u00e4 l\u00e4htien.<\/p>\n<\/div>\n<\/div><\/div>\n\n\n\n<div class=\"wp-block-uagb-container uagb-block-9e34441b alignfull uagb-is-root-container\"><div class=\"uagb-container-inner-blocks-wrap\">\n<div class=\"wp-block-uagb-container uagb-block-de53c086\">\n<div class=\"wp-block-uagb-advanced-heading uagb-block-19ed49ec\"><h2 class=\"uagb-heading-text\">WordPress-palvelu<\/h2><\/div>\n<\/div>\n\n\n\n<div class=\"wp-block-uagb-container uagb-block-ad856920\">\n<p><strong>Hanki ammattimainen, tavoitteisiisi r\u00e4\u00e4t\u00e4l\u00f6ity yrityksesi verkkosivusto.<\/strong> Vaikka WordPressin muokkaaminen on helppoa, on parempi aloittaa kehitys ammattilaisen kanssa, jotta sivusto toimii moitteettomasti ensimm\u00e4isest\u00e4 p\u00e4iv\u00e4st\u00e4 l\u00e4htien. Tarvitsetpa sitten siistin yksisivuisen tai kokonaisen moniosioisen sivuston, verkkosivustosi perustetaan nopeasti k\u00e4ytt\u00e4m\u00e4ll\u00e4 hyv\u00e4ksi havaittuja pohjia ja parhaita k\u00e4yt\u00e4nt\u00f6j\u00e4. Jos sinulla on jo sis\u00e4lt\u00f6\u00e4 valmiina, sivustosi voi olla julkaistu hetkess\u00e4. Jos ei, ei h\u00e4t\u00e4\u00e4, apua sis\u00e4ll\u00f6n luomiseen, rakenteeseen ja visuaaliseen ilmeeseen on saatavilla, jotta kaikki sopii yrityksellesi ja puhuttelee yleis\u00f6\u00e4si. Jokainen sivusto on responsiivinen, helppo hallita ja rakennettu menestyst\u00e4si ajatellen, joten voit keskitty\u00e4 yrityksesi py\u00f6ritt\u00e4miseen verkkosivuston tehdess\u00e4 teht\u00e4v\u00e4\u00e4ns\u00e4.<\/p>\n\n\n\n<div class=\"wp-block-uagb-buttons uagb-buttons__outer-wrap uagb-btn__default-btn uagb-btn-tablet__default-btn uagb-btn-mobile__default-btn uagb-block-d3fad8e5\"><div class=\"uagb-buttons__wrap uagb-buttons-layout-wrap\">\n<div data-aos= \"flip-down\" data-aos-duration=\"400\" data-aos-delay=\"0\" data-aos-easing=\"ease\" data-aos-once=\"true\" class=\"wp-block-uagb-buttons-child uagb-buttons__outer-wrap uagb-block-4272f4d6 wp-block-button\"><div class=\"uagb-button__wrapper\"><a class=\"uagb-buttons-repeater wp-block-button__link\" aria-label=\"\" href=\"#packages\" rel=\"follow noopener\" target=\"_self\" role=\"button\"><div class=\"uagb-button__link\">Katso Sivupaketit<\/div><\/a><\/div><\/div>\n<\/div><\/div>\n<\/div>\n<\/div><\/div>\n\n\n\n<div class=\"wp-block-uagb-container uagb-layout-grid uagb-block-71f7405a alignfull uagb-is-root-container\"><div class=\"uagb-container__shape uagb-container__shape-top\"><svg xmlns=\"https:\/\/www.w3.org\/2000\/svg\" viewbox=\"0 0 1000 100\" preserveaspectratio=\"none\"><path class=\"uagb-container__shape-fill\" d=\"M0,6V0h1000v100L0,6z\"><\/path><\/svg><\/div><div class=\"uagb-container__shape uagb-container__shape-bottom uagb-container__invert\" data-negative=\"false\"><svg xmlns=\"https:\/\/www.w3.org\/2000\/svg\" viewbox=\"0 0 1000 100\" preserveaspectratio=\"none\"><path class=\"uagb-container__shape-fill\" d=\"M0,6V0h1000v100L0,6z\"><\/path><\/svg><\/div><div class=\"uagb-container-inner-blocks-wrap\">\n<div class=\"wp-block-uagb-advanced-heading uagb-block-e669451d\"><h1 class=\"uagb-heading-text\">Yli 60 % valitsi WordPressin<\/h1><\/div>\n\n\n\n<div class=\"wp-block-uagb-info-box uagb-block-0e5f7db4 uagb-infobox__content-wrap  uagb-infobox-icon-above-title uagb-infobox-image-valign-top\"><div class=\"uagb-ifb-content\"><div class=\"uagb-ifb-title-wrap\"><\/div><p class=\"uagb-ifb-desc\"><strong>Yli 60 % sis\u00e4ll\u00f6nhallintaj\u00e4rjestelm\u00e4\u00e4 k\u00e4ytt\u00e4vist\u00e4 verkkosivustoista k\u00e4ytt\u00e4\u00e4 WordPressi\u00e4<\/strong>. Itse asiassa yli 40 % kaikista internetin verkkosivustoista on rakennettu sill\u00e4. T\u00e4m\u00e4 suosio johtuu sen helppok\u00e4ytt\u00f6isyydest\u00e4, joustavuudesta ja valtavasta teemojen, laajennusten ja tuen ekosysteemist\u00e4. <br><br>Olitpa sitten pienyrityksen omistaja tai aloittamassa jotain suurempaa, WordPress tarjoaa vakaan ja skaalautuvan perustan, jonka avulla voit pit\u00e4\u00e4 yrityksesi hallinnassa.<\/p><div class=\"uagb-ifb-button-wrapper wp-block-button\"><a href=\"\/fi\/contact\/?scroll=contactform\" class=\"uagb-infobox-cta-link wp-block-button__link\" target=\"_self\" rel=\"noopener noreferrer\" onclick=\"return true;\"><span class=\"uagb-inline-editing\">Hanki WordPress Sivusto<\/span><\/a><\/div><\/div><\/div>\n<\/div><\/div>\n\n\n\n<div class=\"wp-block-uagb-advanced-heading uagb-block-7197ccb0 uag-hide-desktop uag-hide-tab uag-hide-mob\"><h2 class=\"uagb-heading-text\">Kehitysprosessi<\/h2><div class=\"uagb-separator\"><\/div><\/div>\n\n\n\n<div class=\"wp-block-group has-white-background-color has-background uag-hide-desktop uag-hide-tab uag-hide-mob is-layout-constrained wp-container-core-group-is-layout-ad0e3363 wp-block-group-is-layout-constrained\" style=\"padding-right:0rem;padding-left:0rem\"><div class=\"wp-block-group__inner-container\">\n<div class=\"wp-block-uagb-container uagb-block-58a4d9d0 alignfull uagb-is-root-container\"><div class=\"uagb-container-inner-blocks-wrap\">\n<div class=\"wp-block-uagb-container uagb-block-b1f18f4e\">\n<div class=\"wp-block-uagb-advanced-heading uagb-block-8102e854\"><h2 class=\"uagb-heading-text\">1. Yhteydenotto<\/h2><\/div>\n<\/div>\n\n\n\n<div class=\"wp-block-uagb-container uagb-block-9a205838\">\n<p>Kaikki alkaa lyhyell\u00e4 viestill\u00e4. Kerrot, millaisen verkkosivuston tarvitset, olipa kyseess\u00e4 sitten perusyrityssivusto tai r\u00e4\u00e4t\u00e4l\u00f6ity sivusto. Yhdess\u00e4 katsomme, mik\u00e4 sopii tavoitteisiisi, aikatauluusi ja budjettiisi. Ei paineita, vain selkeytt\u00e4 alusta alkaen.<\/p>\n<\/div>\n<\/div><\/div>\n\n\n\n<div class=\"wp-block-uagb-separator uagb-block-fb4dbbda\"><div class=\"wp-block-uagb-separator__inner\" style=\"--my-background-image:\"><\/div><\/div>\n\n\n\n<div class=\"wp-block-uagb-container uagb-block-3c3ab2f7 alignfull uagb-is-root-container\"><div class=\"uagb-container-inner-blocks-wrap\">\n<div class=\"wp-block-uagb-container uagb-block-9d06ada9\">\n<p>Kun suunnitelma on selke\u00e4, saat yksinkertaisen sopimuksen, jossa esitet\u00e4\u00e4n, mit\u00e4 sis\u00e4ltyy, aikataulu ja hinta. N\u00e4in varmistetaan, ett\u00e4 kaikki ovat samalla sivulla ja ett\u00e4 projektisi etenee sujuvasti ilman yll\u00e4tyksi\u00e4 matkan varrella.<\/p>\n<\/div>\n\n\n\n<div class=\"wp-block-uagb-container uagb-block-66e31488\">\n<div class=\"wp-block-uagb-advanced-heading uagb-block-ac410b3d\"><h2 class=\"uagb-heading-text\">2. Sopimus<\/h2><\/div>\n<\/div>\n<\/div><\/div>\n\n\n\n<div class=\"wp-block-uagb-separator uagb-block-9a1be0a7\"><div class=\"wp-block-uagb-separator__inner\" style=\"--my-background-image:\"><\/div><\/div>\n\n\n\n<div class=\"wp-block-uagb-container uagb-block-4e035bdd alignfull uagb-is-root-container\"><div class=\"uagb-container-inner-blocks-wrap\">\n<div class=\"wp-block-uagb-container uagb-block-9c9bc0fd\">\n<div class=\"wp-block-uagb-advanced-heading uagb-block-1317b54b\"><h2 class=\"uagb-heading-text\">3. Kehitys<\/h2><\/div>\n<\/div>\n\n\n\n<div class=\"wp-block-uagb-container uagb-block-1c190f0c\">\n<p>Varsinainen rakentaminen alkaa. Verkkosivustosi luodaan luotettavien ty\u00f6kalujen, nopeiden k\u00e4yt\u00e4nt\u00f6jen ja selke\u00e4n ulkoasun avulla, kaikki r\u00e4\u00e4t\u00e4l\u00f6ityn\u00e4 tarpeisiisi. Jos sinulla on jo sis\u00e4lt\u00f6\u00e4, se lis\u00e4t\u00e4\u00e4n heti. Jos ei, tarjotaan apua rakenteen, kirjoittamisen ja ulkoasun kanssa.<\/p>\n<\/div>\n<\/div><\/div>\n\n\n\n<div class=\"wp-block-uagb-separator uagb-block-4314e376\"><div class=\"wp-block-uagb-separator__inner\" style=\"--my-background-image:\"><\/div><\/div>\n\n\n\n<div class=\"wp-block-uagb-container uagb-block-bac2b1b9 alignfull uagb-is-root-container\"><div class=\"uagb-container-inner-blocks-wrap\">\n<div class=\"wp-block-uagb-container uagb-block-fd106a5c\">\n<p>Kun kaikki on testattu ja hyv\u00e4ksytty, sivustosi julkaistaan. Saat ohjeet sen k\u00e4ytt\u00f6\u00f6n ja p\u00e4ivitt\u00e4miseen helposti. Tukea on saatavilla my\u00f6s, jos tarvitset apua sivuston toiminnan yll\u00e4pit\u00e4miseen, ominaisuuksien lis\u00e4\u00e4miseen tai p\u00e4ivitysten tekemiseen my\u00f6hemmin.<\/p>\n<\/div>\n\n\n\n<div class=\"wp-block-uagb-container uagb-block-12665836\">\n<div class=\"wp-block-uagb-advanced-heading uagb-block-9e5435d8\"><h2 class=\"uagb-heading-text\">4. K\u00e4ytt\u00f6\u00f6notto<\/h2><\/div>\n<\/div>\n<\/div><\/div>\n<\/div><\/div>\n\n\n\n<div class=\"wp-block-uagb-container uagb-block-4eb0a9d7 alignfull uagb-is-root-container\"><div class=\"uagb-container-inner-blocks-wrap\">\n<div class=\"wp-block-uagb-advanced-heading uagb-block-ed3c0ee9\" id=\"packages\"><h2 class=\"uagb-heading-text\">Verkkosivupaketit<\/h2><div class=\"uagb-separator\"><\/div><\/div>\n\n\n\n<div class=\"wp-block-columns alignwide is-layout-flex wp-container-core-columns-is-layout-d2da2050 wp-block-columns-is-layout-flex\" style=\"margin-bottom:0\">\n<div class=\"wp-block-column has-ast-global-color-4-background-color has-text-color has-background has-link-color wp-elements-2f972d90c7b419167c41a26ad4af2255 is-layout-flow wp-block-column-is-layout-flow\" style=\"border-style:none;border-width:0px;color:#000000;padding-top:2em;padding-right:2em;padding-bottom:2em;padding-left:2em;box-shadow:var(--wp--preset--shadow--natural)\">\n<h3 class=\"wp-block-heading\" id=\"single\" style=\"font-size:35px\"><strong>Peruspaketti<\/strong><\/h3>\n\n\n\n<p class=\"has-normal-font-size\" style=\"line-height:1.5\"><strong>Vie yrityksesi verkkoon.<\/strong><\/p>\n\n\n\n<hr class=\"wp-block-separator has-text-color has-css-opacity has-background is-style-wide\" style=\"background-color:#000000;color:#000000\"\/>\n\n\n\n<ul class=\"wp-block-list has-normal-font-size\">\n<li>Jopa <strong>5-sivuinen yrityssivusto<\/strong> valmiilla sis\u00e4ll\u00f6ll\u00e4si (teksti, kuvat, logo). <\/li>\n\n\n\n<li>Sis\u00e4lt\u00e4\u00e4 mobiilioptimoinnin, perus-SEO:n ja yhteydenottolomakelaajennuksen.<\/li>\n<\/ul>\n\n\n\n<div class=\"wp-block-uagb-advanced-heading uagb-block-89a44a2b\"><h5 class=\"uagb-heading-text\">500\u20ac + ALV<\/h5><\/div>\n<\/div>\n\n\n\n<div class=\"wp-block-column has-ast-global-color-8-background-color has-text-color has-background has-link-color wp-elements-654690cceb8ba88cc9421fd023d2ef7b is-layout-flow wp-block-column-is-layout-flow\" style=\"border-style:none;border-width:0px;color:#000000;padding-top:2em;padding-right:2em;padding-bottom:2em;padding-left:2em;box-shadow:var(--wp--preset--shadow--natural)\">\n<h3 class=\"wp-block-heading\" id=\"family\" style=\"font-size:35px\"><strong>Pro-paketti<\/strong><\/h3>\n\n\n\n<p class=\"has-normal-font-size\" style=\"line-height:1.5\"><strong>Kasvuhakuisille yrityksille.<\/strong><\/p>\n\n\n\n<hr class=\"wp-block-separator has-text-color has-ast-global-color-2-color has-alpha-channel-opacity has-ast-global-color-2-background-color has-background is-style-wide\"\/>\n\n\n\n<ul class=\"wp-block-list has-normal-font-size\">\n<li>Jopa <strong>10 sivun yrityssivusto<\/strong> sis\u00e4ll\u00f6ll\u00e4si. Sis\u00e4lt\u00e4\u00e4 mukautetun ulkoasun suunnittelun.<\/li>\n\n\n\n<li>Nopeuden optimointi, laajennettu hakukoneoptimointi ja edistynyt yhteydenotto- tai tarjouslomake.<\/li>\n<\/ul>\n\n\n\n<div class=\"wp-block-uagb-advanced-heading uagb-block-ea9efc0e\"><h5 class=\"uagb-heading-text\">1200\u20ac + ALV<\/h5><\/div>\n<\/div>\n\n\n\n<div class=\"wp-block-column has-ast-global-color-5-color has-ast-global-color-0-background-color has-text-color has-background is-layout-flow wp-block-column-is-layout-flow\" style=\"border-style:none;border-width:0px;border-radius:0px;padding-top:2em;padding-right:2em;padding-bottom:2em;padding-left:2em;box-shadow:var(--wp--preset--shadow--natural)\">\n<h3 class=\"wp-block-heading has-ast-global-color-5-color has-text-color has-link-color wp-elements-eafd3f922bfd3e8f8e454bfdd1f7aea3\" id=\"patron\" style=\"font-size:35px\">Premium<\/h3>\n\n\n\n<p class=\"has-normal-font-size\"><strong>Verkkon\u00e4kyvyys seuraavalle tasolle.<\/strong><\/p>\n\n\n\n<hr class=\"wp-block-separator has-text-color has-ast-global-color-5-color has-alpha-channel-opacity has-ast-global-color-5-background-color has-background is-style-wide\"\/>\n\n\n\n<ul class=\"wp-block-list has-normal-font-size\">\n<li>Jopa <strong>20 sivun yrityssivusto<\/strong> edistyneill\u00e4 ominaisuuksilla. Sis\u00e4lt\u00e4\u00e4 r\u00e4\u00e4t\u00e4l\u00f6idyn suunnittelun<\/li>\n\n\n\n<li>Animaatiot, monikielinen tuki, hakukoneoptimointi ja integraatiot, kuten varaus- tai asiakasportaalit.<\/li>\n<\/ul>\n\n\n\n<div class=\"wp-block-uagb-advanced-heading uagb-block-e1864783\"><h5 class=\"uagb-heading-text\">3200\u20ac + ALV<\/h5><\/div>\n<\/div>\n<\/div>\n\n\n\n<div class=\"wp-block-columns is-layout-flex wp-container-core-columns-is-layout-28f84493 wp-block-columns-is-layout-flex\">\n<div class=\"wp-block-column is-layout-flow wp-block-column-is-layout-flow\" style=\"flex-basis:100%\">\n<div class=\"wp-block-group is-layout-constrained wp-block-group-is-layout-constrained\"><div class=\"wp-block-group__inner-container\">\n<div class=\"wp-block-uagb-buttons uagb-buttons__outer-wrap uagb-btn__default-btn uagb-btn-tablet__default-btn uagb-btn-mobile__default-btn uagb-block-bac973ca\"><div class=\"uagb-buttons__wrap uagb-buttons-layout-wrap\">\n<div data-aos= \"flip-right\" data-aos-duration=\"400\" data-aos-delay=\"0\" data-aos-easing=\"ease\" data-aos-once=\"true\" class=\"wp-block-uagb-buttons-child uagb-buttons__outer-wrap uagb-block-d8c5e1f4 wp-block-button\"><div class=\"uagb-button__wrapper\"><a class=\"uagb-buttons-repeater wp-block-button__link\" aria-label=\"\" href=\"\/fi\/contact\/?scroll=contactform\" rel=\"follow noopener\" target=\"_self\" role=\"button\"><div class=\"uagb-button__link\">Tehd\u00e4\u00e4n Sivut<\/div><span class=\"uagb-button__icon uagb-button__icon-position-after\"><svg xmlns=\"https:\/\/www.w3.org\/2000\/svg\" viewbox=\"0 0 448 512\" aria-hidden=\"true\" focussable=\"false\"><path d=\"M438.6 278.6l-160 160C272.4 444.9 264.2 448 256 448s-16.38-3.125-22.62-9.375c-12.5-12.5-12.5-32.75 0-45.25L338.8 288H32C14.33 288 .0016 273.7 .0016 256S14.33 224 32 224h306.8l-105.4-105.4c-12.5-12.5-12.5-32.75 0-45.25s32.75-12.5 45.25 0l160 160C451.1 245.9 451.1 266.1 438.6 278.6z\"><\/path><\/svg><\/span><\/a><\/div><\/div>\n<\/div><\/div>\n<\/div><\/div>\n<\/div>\n<\/div>\n\n\n\n<div class=\"wp-block-uagb-advanced-heading uagb-block-606e9812\"><h2 class=\"uagb-heading-text\">Lis\u00e4ykset<\/h2><\/div>\n\n\n\n<figure class=\"wp-block-table is-style-stripes\"><table class=\"has-ast-global-color-5-background-color has-background\" style=\"border-style:none;border-width:0px\"><tbody><tr><td><strong>Ominaisuus<\/strong><\/td><td><strong>Sis\u00e4lt\u00e4\u00e4<\/strong><\/td><td><strong>Hinta<\/strong><\/td><\/tr><tr><td>Lis\u00e4sivut<\/td><td>Lis\u00e4\u00e4 sivuja tarvittaessa<\/td><td>100\u20ac + ALV \/ sivu<\/td><\/tr><tr><td>Logo<\/td><td>Moderni, r\u00e4\u00e4t\u00e4l\u00f6ity logo br\u00e4ndillesi verkkomuodoissa.<\/td><td>300\u20ac + ALV<\/td><\/tr><tr><td>Sis\u00e4ll\u00f6ntuotto<\/td><td>Sis\u00e4lt\u00f6\u00e4 sivuillesi ja tuotteillesi<\/td><td>70\u20ac + ALV \/ sivu<\/td><\/tr><tr><td>Monikielinen asennus<\/td><td>Lis\u00e4\u00e4 useita kieliversioita WPML:n tai TranslatePressin avulla.<\/td><td>100\u20ac + ALV \/ sivu<\/td><\/tr><tr><td>Mukautetut ominaisuudet<\/td><td>Tarvitsetko jotain ainutlaatuista? Keskustellaan r\u00e4\u00e4t\u00e4l\u00f6idyst\u00e4 ratkaisusta.<\/td><td>Kustomoitu<\/td><\/tr><\/tbody><\/table><\/figure>\n<\/div><\/div>\n\n\n\n<div class=\"wp-block-uagb-container uagb-block-fbec938f alignfull uagb-is-root-container\"><div class=\"uagb-container__shape uagb-container__shape-bottom uagb-container__invert\" data-negative=\"false\"><svg xmlns=\"https:\/\/www.w3.org\/2000\/svg\" viewbox=\"0 0 1000 100\" preserveaspectratio=\"none\"><path class=\"uagb-container__shape-fill\" d=\"M0,6V0h1000v100L0,6z\"><\/path><\/svg><\/div><div class=\"uagb-container-inner-blocks-wrap\">\n<div data-aos= \"fade-up\" data-aos-duration=\"400\" data-aos-delay=\"0\" data-aos-easing=\"ease\" data-aos-once=\"true\" class=\"wp-block-uagb-info-box uagb-block-238d1bff uagb-infobox__content-wrap  uagb-infobox-icon-above-title uagb-infobox-image-valign-top\"><div class=\"uagb-ifb-content\"><div class=\"uagb-ifb-title-wrap\"><h2 class=\"uagb-ifb-title\">Valmis saamaan verkkosivustosi tuottamaan tulosta?<\/h2><\/div><p class=\"uagb-ifb-desc\">Rakennetaan yhdess\u00e4 sivusto, joka tukee liiketoimintaasi \u2013 nopeasti, selke\u00e4sti ja tavoitteisiisi r\u00e4\u00e4t\u00e4l\u00f6ityn\u00e4. Olipa sinulla sitten valmista sis\u00e4lt\u00f6\u00e4 tai tarvitset apua sen muokkaamisessa, tuloksena on sivusto, joka rakentaa luottamusta ja ohjaa toimintaan.<\/p><div class=\"uagb-ifb-button-wrapper wp-block-button\"><a href=\"\/fi\/contact\/?scroll=contactform\" class=\"uagb-infobox-cta-link wp-block-button__link\" target=\"_self\" rel=\"noopener noreferrer\" onclick=\"return true;\"><span class=\"uagb-inline-editing\">Aloitetaan \u2013 Ota Yhteytt\u00e4<\/span><\/a><\/div><\/div><\/div>\n<\/div><\/div>","protected":false},"excerpt":{"rendered":"<p>WordPress Websites General info WordPress is the most trusted platform for building business websites, and for good reason. It&#8217;s flexible, reliable, and designed to grow with your needs. Whether you&#8217;re launching a simple one-page site or a more advanced setup with custom features, WordPress makes it easy to manage your content, update your site, and [&hellip;]<\/p>","protected":false},"author":1,"featured_media":0,"parent":0,"menu_order":0,"comment_status":"closed","ping_status":"closed","template":"","meta":{"om_disable_all_campaigns":false,"_uag_custom_page_level_css":"","_monsterinsights_skip_tracking":false,"_monsterinsights_sitenote_active":false,"_monsterinsights_sitenote_note":"","_monsterinsights_sitenote_category":0,"site-sidebar-layout":"default","site-content-layout":"","ast-site-content-layout":"default","site-content-style":"default","site-sidebar-style":"default","ast-global-header-display":"","ast-banner-title-visibility":"","ast-main-header-display":"","ast-hfb-above-header-display":"","ast-hfb-below-header-display":"","ast-hfb-mobile-header-display":"","site-post-title":"disabled","ast-breadcrumbs-content":"","ast-featured-img":"","footer-sml-layout":"","theme-transparent-header-meta":"","adv-header-id-meta":"","stick-header-meta":"","header-above-stick-meta":"","header-main-stick-meta":"","header-below-stick-meta":"","astra-migrate-meta-layouts":"set","ast-page-background-enabled":"default","ast-page-background-meta":{"desktop":{"background-color":"","background-image":"","background-repeat":"repeat","background-position":"center center","background-size":"auto","background-attachment":"scroll","background-type":"","background-media":"","overlay-type":"","overlay-color":"","overlay-opacity":"","overlay-gradient":""},"tablet":{"background-color":"","background-image":"","background-repeat":"repeat","background-position":"center center","background-size":"auto","background-attachment":"scroll","background-type":"","background-media":"","overlay-type":"","overlay-color":"","overlay-opacity":"","overlay-gradient":""},"mobile":{"background-color":"","background-image":"","background-repeat":"repeat","background-position":"center center","background-size":"auto","background-attachment":"scroll","background-type":"","background-media":"","overlay-type":"","overlay-color":"","overlay-opacity":"","overlay-gradient":""}},"ast-content-background-meta":{"desktop":{"background-color":"var(--ast-global-color-5)","background-image":"","background-repeat":"repeat","background-position":"center center","background-size":"auto","background-attachment":"scroll","background-type":"","background-media":"","overlay-type":"","overlay-color":"","overlay-opacity":"","overlay-gradient":""},"tablet":{"background-color":"var(--ast-global-color-5)","background-image":"","background-repeat":"repeat","background-position":"center center","background-size":"auto","background-attachment":"scroll","background-type":"","background-media":"","overlay-type":"","overlay-color":"","overlay-opacity":"","overlay-gradient":""},"mobile":{"background-color":"var(--ast-global-color-5)","background-image":"","background-repeat":"repeat","background-position":"center center","background-size":"auto","background-attachment":"scroll","background-type":"","background-media":"","overlay-type":"","overlay-color":"","overlay-opacity":"","overlay-gradient":""}},"footnotes":""},"class_list":["post-1825","page","type-page","status-publish","hentry"],"aioseo_notices":[],"uagb_featured_image_src":{"full":false,"thumbnail":false,"medium":false,"medium_large":false,"large":false,"1536x1536":false,"2048x2048":false,"trp-custom-language-flag":false},"uagb_author_info":{"display_name":"Sivukehitys","author_link":"https:\/\/sivukehitys.com\/fi\/author\/smaatta-devgmail-com\/"},"uagb_comment_info":0,"uagb_excerpt":"WordPress Websites General info WordPress is the most trusted platform for building business websites, and for good reason. It&#8217;s flexible, reliable, and designed to grow with your needs. Whether you&#8217;re launching a simple one-page site or a more advanced setup with custom features, WordPress makes it easy to manage your content, update your site, and&hellip;","_links":{"self":[{"href":"https:\/\/sivukehitys.com\/fi\/wp-json\/wp\/v2\/pages\/1825","targetHints":{"allow":["GET"]}}],"collection":[{"href":"https:\/\/sivukehitys.com\/fi\/wp-json\/wp\/v2\/pages"}],"about":[{"href":"https:\/\/sivukehitys.com\/fi\/wp-json\/wp\/v2\/types\/page"}],"author":[{"embeddable":true,"href":"https:\/\/sivukehitys.com\/fi\/wp-json\/wp\/v2\/users\/1"}],"replies":[{"embeddable":true,"href":"https:\/\/sivukehitys.com\/fi\/wp-json\/wp\/v2\/comments?post=1825"}],"version-history":[{"count":200,"href":"https:\/\/sivukehitys.com\/fi\/wp-json\/wp\/v2\/pages\/1825\/revisions"}],"predecessor-version":[{"id":4115,"href":"https:\/\/sivukehitys.com\/fi\/wp-json\/wp\/v2\/pages\/1825\/revisions\/4115"}],"wp:attachment":[{"href":"https:\/\/sivukehitys.com\/fi\/wp-json\/wp\/v2\/media?parent=1825"}],"curies":[{"name":"wp","href":"https:\/\/api.w.org\/{rel}","templated":true}]}}