{"id":218,"date":"2025-05-26T11:35:36","date_gmt":"2025-05-26T11:35:36","guid":{"rendered":"http:\/\/sivukehitys.com\/about\/"},"modified":"2025-10-21T05:51:07","modified_gmt":"2025-10-21T05:51:07","slug":"about","status":"publish","type":"page","link":"https:\/\/sivukehitys.com\/fi\/about\/","title":{"rendered":"Tietoa"},"content":{"rendered":"<div class=\"wp-block-uagb-container other-page-first-section uag-blocks-common-selector uagb-block-f6474934 alignfull uagb-is-root-container\"><div class=\"uagb-container-inner-blocks-wrap\">\n<div class=\"wp-block-uagb-advanced-heading uagb-block-b47deef7\"><h1 class=\"uagb-heading-text\">Tietoa<\/h1><\/div>\n<\/div><\/div>\n\n\n\n<div class=\"wp-block-uagb-container uagb-block-da5d164a alignfull uagb-is-root-container\"><div class=\"uagb-container-inner-blocks-wrap\">\n<div class=\"wp-block-uagb-advanced-heading uagb-block-7d9c3655\"><h2 class=\"uagb-heading-text\">Verkkosivut ammattimaisesti<\/h2><\/div>\n\n\n\n<div class=\"wp-block-uagb-container uagb-block-fdfc0364\">\n<div class=\"wp-block-uagb-info-box uagb-block-0ef86749 uagb-infobox__content-wrap  uagb-infobox-icon-above-title uagb-infobox-image-valign-top\"><div class=\"uagb-ifb-content\"><div class=\"uagb-ifb-title-wrap\"><span class=\"uagb-ifb-title-prefix\"><strong>Suunnittelemme ja kehit\u00e4mme digitaalisia kokemuksia, jotka auttavat yrityksi\u00e4 kasvamaan.<\/strong> Meill\u00e4 on taustaa modernissa web-kehityksess\u00e4 ja kokemusta WordPressin, WooCommercen ja Next.js:n k\u00e4yt\u00f6st\u00e4, joten keskitymme aina siihen, ett\u00e4 asiat toimivat puolestasi.<\/span><\/div><p class=\"uagb-ifb-desc\">Olipa kyseess\u00e4 sitten nopea yrityssivusto, r\u00e4\u00e4t\u00e4l\u00f6ity verkkosovellus tai jatkuva yll\u00e4pito, kaikki toimittamamme rakennetaan huolella, selke\u00e4sti ja todellisia tuloksia ajatellen. Voit odottaa selke\u00e4\u00e4 viestint\u00e4\u00e4 ja tavoitteisiisi sopivia ratkaisuja.<br><br><strong>Rakennetaan toimiva ratkaisu.<\/strong><\/p><\/div><\/div>\n\n\n\n<div class=\"wp-block-uagb-advanced-heading uagb-block-930e46bc\"><h3 class=\"uagb-heading-text\">Samuel M\u00e4\u00e4tt\u00e4 \u2013 Web-kehitt\u00e4j\u00e4<\/h3><\/div>\n<\/div>\n<\/div><\/div>\n\n\n\n<div class=\"wp-block-uagb-container uagb-layout-grid uagb-block-e28cfc75 alignfull uagb-is-root-container\"><div class=\"uagb-container-inner-blocks-wrap\">\n<div class=\"wp-block-uagb-advanced-heading uagb-block-eda63079\"><h2 class=\"uagb-heading-text\">Missio<\/h2><p class=\"uagb-desc-text\">Auttaa yrityksi\u00e4 menestym\u00e4\u00e4n verkossa verkkosivustoilla, jotka ovat nopeita, selkeit\u00e4 ja rakennettu tuottamaan todellisia tuloksia \u2013 ilman teknist\u00e4 kuormitusta.<\/p><\/div>\n\n\n\n<div class=\"wp-block-uagb-advanced-heading uagb-block-85427a9f\"><h2 class=\"uagb-heading-text\">Visio<\/h2><p class=\"uagb-desc-text\">Tehd\u00e4 ammattimaisista verkkosivustoista ja verkkoty\u00f6kaluista kaikkien yritysten saatavilla, jotta kuka tahansa voi kasvaa ja menesty\u00e4 verkossa luottavaisin mielin.<\/p><\/div>\n\n\n\n<div class=\"wp-block-uagb-container uagb-block-f0a15929\">\n<div class=\"wp-block-uagb-advanced-heading uagb-block-148f71c6\"><h2 class=\"uagb-heading-text\">Arvot<\/h2><\/div>\n\n\n\n<div class=\"wp-block-uagb-icon-list uagb-block-be0f6192\"><div class=\"uagb-icon-list__wrap\">\n<div class=\"wp-block-uagb-icon-list-child uagb-block-b1e98b3c\"><span class=\"uagb-icon-list__source-wrap\"><svg xmlns=\"https:\/\/www.w3.org\/2000\/svg\" viewbox=\"0 0 256 512\"><path d=\"M118.6 105.4l128 127.1C252.9 239.6 256 247.8 256 255.1s-3.125 16.38-9.375 22.63l-128 127.1c-9.156 9.156-22.91 11.9-34.88 6.943S64 396.9 64 383.1V128c0-12.94 7.781-24.62 19.75-29.58S109.5 96.23 118.6 105.4z\"><\/path><\/svg><\/span><span class=\"uagb-icon-list__label\">Parhaan ratkaisun rakentaminen<\/span><\/div>\n\n\n\n<div class=\"wp-block-uagb-icon-list-child uagb-block-bab344fa\"><span class=\"uagb-icon-list__source-wrap\"><svg xmlns=\"https:\/\/www.w3.org\/2000\/svg\" viewbox=\"0 0 256 512\"><path d=\"M118.6 105.4l128 127.1C252.9 239.6 256 247.8 256 255.1s-3.125 16.38-9.375 22.63l-128 127.1c-9.156 9.156-22.91 11.9-34.88 6.943S64 396.9 64 383.1V128c0-12.94 7.781-24.62 19.75-29.58S109.5 96.23 118.6 105.4z\"><\/path><\/svg><\/span><span class=\"uagb-icon-list__label\">Selke\u00e4 viestint\u00e4<\/span><\/div>\n\n\n\n<div class=\"wp-block-uagb-icon-list-child uagb-block-3cff6c2c\"><span class=\"uagb-icon-list__source-wrap\"><svg xmlns=\"https:\/\/www.w3.org\/2000\/svg\" viewbox=\"0 0 256 512\"><path d=\"M118.6 105.4l128 127.1C252.9 239.6 256 247.8 256 255.1s-3.125 16.38-9.375 22.63l-128 127.1c-9.156 9.156-22.91 11.9-34.88 6.943S64 396.9 64 383.1V128c0-12.94 7.781-24.62 19.75-29.58S109.5 96.23 118.6 105.4z\"><\/path><\/svg><\/span><span class=\"uagb-icon-list__label\">K\u00e4yt\u00e4nn\u00f6llinen design<\/span><\/div>\n<\/div><\/div>\n<\/div>\n<\/div><\/div>\n\n\n\n<div class=\"wp-block-uagb-container uagb-block-737cf484 alignfull uagb-is-root-container\"><div class=\"uagb-container__shape uagb-container__shape-bottom uagb-container__invert\" data-negative=\"false\"><svg xmlns=\"https:\/\/www.w3.org\/2000\/svg\" viewbox=\"0 0 1000 100\" preserveaspectratio=\"none\"><path class=\"uagb-container__shape-fill\" d=\"M0,6V0h1000v100L0,6z\"><\/path><\/svg><\/div><div class=\"uagb-container-inner-blocks-wrap\">\n<div data-aos= \"fade-up\" data-aos-duration=\"400\" data-aos-delay=\"0\" data-aos-easing=\"ease\" data-aos-once=\"true\" class=\"wp-block-uagb-info-box uagb-block-a1136e67 uagb-infobox__content-wrap  uagb-infobox-icon-above-title uagb-infobox-image-valign-top\"><div class=\"uagb-ifb-content\"><div class=\"uagb-ifb-title-wrap\"><h2 class=\"uagb-ifb-title\">Laitetaan verkkon\u00e4kym\u00e4si kuntoon.<\/h2><\/div><p class=\"uagb-ifb-desc\">K\u00e4yd\u00e4\u00e4n l\u00e4pi tavoitteesi ja katsotaan, miten saamme verkkosivustosi oikeasti toimimaan sinulle.<\/p><div class=\"uagb-ifb-button-wrapper wp-block-button\"><a href=\"\/fi\/contact\/?scroll=contactform\" class=\"uagb-infobox-cta-link wp-block-button__link\" target=\"_self\" rel=\"noopener noreferrer\" onclick=\"return true;\"><span class=\"uagb-inline-editing\">Aloitetaan<\/span><\/a><\/div><\/div><\/div>\n<\/div><\/div>","protected":false},"excerpt":{"rendered":"<p>About\u200b Websites Professionally Samuel M\u00e4\u00e4tt\u00e4 &#8211; Web Developer Mission\u200b To help businesses succeed online with websites that are fast, clear, and built to deliver real results \u2014 without the tech overwhelm. Vision\u200b To make professional websites and online tools accessible to every business, so anyone can grow and succeed online with confidence. Values\u200b<\/p>","protected":false},"author":1,"featured_media":0,"parent":0,"menu_order":0,"comment_status":"closed","ping_status":"closed","template":"","meta":{"om_disable_all_campaigns":false,"_uag_custom_page_level_css":"","_monsterinsights_skip_tracking":false,"_monsterinsights_sitenote_active":false,"_monsterinsights_sitenote_note":"","_monsterinsights_sitenote_category":0,"site-sidebar-layout":"no-sidebar","site-content-layout":"plain-container","ast-site-content-layout":"full-width-container","site-content-style":"unboxed","site-sidebar-style":"unboxed","ast-global-header-display":"","ast-banner-title-visibility":"","ast-main-header-display":"","ast-hfb-above-header-display":"","ast-hfb-below-header-display":"","ast-hfb-mobile-header-display":"","site-post-title":"disabled","ast-breadcrumbs-content":"","ast-featured-img":"disabled","footer-sml-layout":"","theme-transparent-header-meta":"enabled","adv-header-id-meta":"","stick-header-meta":"","header-above-stick-meta":"","header-main-stick-meta":"","header-below-stick-meta":"","astra-migrate-meta-layouts":"set","ast-page-background-enabled":"default","ast-page-background-meta":{"desktop":{"background-color":"","background-image":"","background-repeat":"repeat","background-position":"center center","background-size":"auto","background-attachment":"scroll","background-type":"","background-media":"","overlay-type":"","overlay-color":"","overlay-opacity":"","overlay-gradient":""},"tablet":{"background-color":"","background-image":"","background-repeat":"repeat","background-position":"center center","background-size":"auto","background-attachment":"scroll","background-type":"","background-media":"","overlay-type":"","overlay-color":"","overlay-opacity":"","overlay-gradient":""},"mobile":{"background-color":"","background-image":"","background-repeat":"repeat","background-position":"center center","background-size":"auto","background-attachment":"scroll","background-type":"","background-media":"","overlay-type":"","overlay-color":"","overlay-opacity":"","overlay-gradient":""}},"ast-content-background-meta":{"desktop":{"background-color":"var(--ast-global-color-5)","background-image":"","background-repeat":"repeat","background-position":"center center","background-size":"auto","background-attachment":"scroll","background-type":"","background-media":"","overlay-type":"","overlay-color":"","overlay-opacity":"","overlay-gradient":""},"tablet":{"background-color":"var(--ast-global-color-5)","background-image":"","background-repeat":"repeat","background-position":"center center","background-size":"auto","background-attachment":"scroll","background-type":"","background-media":"","overlay-type":"","overlay-color":"","overlay-opacity":"","overlay-gradient":""},"mobile":{"background-color":"var(--ast-global-color-5)","background-image":"","background-repeat":"repeat","background-position":"center center","background-size":"auto","background-attachment":"scroll","background-type":"","background-media":"","overlay-type":"","overlay-color":"","overlay-opacity":"","overlay-gradient":""}},"footnotes":""},"class_list":["post-218","page","type-page","status-publish","hentry"],"aioseo_notices":[],"uagb_featured_image_src":{"full":false,"thumbnail":false,"medium":false,"medium_large":false,"large":false,"1536x1536":false,"2048x2048":false,"trp-custom-language-flag":false},"uagb_author_info":{"display_name":"Sivukehitys","author_link":"https:\/\/sivukehitys.com\/fi\/author\/smaatta-devgmail-com\/"},"uagb_comment_info":0,"uagb_excerpt":"About\u200b Websites Professionally Samuel M\u00e4\u00e4tt\u00e4 &#8211; Web Developer Mission\u200b To help businesses succeed online with websites that are fast, clear, and built to deliver real results \u2014 without the tech overwhelm. Vision\u200b To make professional websites and online tools accessible to every business, so anyone can grow and succeed online with confidence. Values\u200b","_links":{"self":[{"href":"https:\/\/sivukehitys.com\/fi\/wp-json\/wp\/v2\/pages\/218","targetHints":{"allow":["GET"]}}],"collection":[{"href":"https:\/\/sivukehitys.com\/fi\/wp-json\/wp\/v2\/pages"}],"about":[{"href":"https:\/\/sivukehitys.com\/fi\/wp-json\/wp\/v2\/types\/page"}],"author":[{"embeddable":true,"href":"https:\/\/sivukehitys.com\/fi\/wp-json\/wp\/v2\/users\/1"}],"replies":[{"embeddable":true,"href":"https:\/\/sivukehitys.com\/fi\/wp-json\/wp\/v2\/comments?post=218"}],"version-history":[{"count":30,"href":"https:\/\/sivukehitys.com\/fi\/wp-json\/wp\/v2\/pages\/218\/revisions"}],"predecessor-version":[{"id":3990,"href":"https:\/\/sivukehitys.com\/fi\/wp-json\/wp\/v2\/pages\/218\/revisions\/3990"}],"wp:attachment":[{"href":"https:\/\/sivukehitys.com\/fi\/wp-json\/wp\/v2\/media?parent=218"}],"curies":[{"name":"wp","href":"https:\/\/api.w.org\/{rel}","templated":true}]}}