{"id":2202,"date":"2025-06-24T19:42:58","date_gmt":"2025-06-24T19:42:58","guid":{"rendered":"https:\/\/sivukehitys.com\/?page_id=2202"},"modified":"2025-10-23T16:18:12","modified_gmt":"2025-10-23T16:18:12","slug":"woocommerce","status":"publish","type":"page","link":"https:\/\/sivukehitys.com\/fi\/woocommerce\/","title":{"rendered":"WooCommerce"},"content":{"rendered":"<div class=\"wp-block-uagb-container other-page-first-section uag-blocks-common-selector uagb-block-2f179a9d alignfull uagb-is-root-container\"><div class=\"uagb-container-inner-blocks-wrap\">\n<div class=\"wp-block-uagb-advanced-heading uagb-block-b63e11bc\"><h1 class=\"uagb-heading-text\">WooCommerce verkkokaupat<\/h1><\/div>\n<\/div><\/div>\n\n\n\n<div class=\"wp-block-uagb-container uagb-block-1e553db1 alignfull uagb-is-root-container\"><div class=\"uagb-container-inner-blocks-wrap\">\n<div class=\"wp-block-uagb-container uagb-block-0fe29f7f\">\n<div class=\"wp-block-uagb-advanced-heading uagb-block-d7322002\"><h2 class=\"uagb-heading-text\">Yleist\u00e4 tietoa<\/h2><\/div>\n<\/div>\n\n\n\n<div class=\"wp-block-uagb-container uagb-block-8615595a\">\n<p><strong>WooCommerce on johtava WordPress-verkkokaupparatkaisu \u2013 johon miljoonat yritykset maailmanlaajuisesti luottavat.<\/strong> Se on tehokas, muokattavissa ja rakennettu kasvamaan kauppasi rinnalla. Myytp\u00e4 sitten fyysisi\u00e4 tuotteita, digitaalisia latauksia tai tilauksia, WooCommerce antaa sinulle t\u00e4yden hallinnan verkkokaupastasi ilman omien alustojen korkeita kustannuksia. Voit hallita tuotteita, tilauksia ja asiakkaita helposti ja samalla laajentaa kauppaasi tuhansilla lis\u00e4osilla ja maksuvaihtoehdoilla. WooCommerce on suunniteltu nopeutta, mobiilik\u00e4ytt\u00f6\u00e4 ja hakukoneoptimointia silm\u00e4ll\u00e4 pit\u00e4en, ja se auttaa sinua houkuttelemaan lis\u00e4\u00e4 k\u00e4vij\u00f6it\u00e4, konvertoimaan myynti\u00e4 ja skaalaamaan liiketoimintaasi luottavaisin mielin.<\/p>\n<\/div>\n<\/div><\/div>\n\n\n\n<div class=\"wp-block-uagb-container uagb-block-9e34441b alignfull uagb-is-root-container\"><div class=\"uagb-container-inner-blocks-wrap\">\n<div class=\"wp-block-uagb-container uagb-block-de53c086\">\n<div class=\"wp-block-uagb-advanced-heading uagb-block-19ed49ec\"><h2 class=\"uagb-heading-text\">WooCommerce palvelu<\/h2><\/div>\n<\/div>\n\n\n\n<div class=\"wp-block-uagb-container uagb-block-ad856920\">\n<p><strong>Hanki ammattimainen WooCommerce-kauppa, joka on rakennettu vastaamaan tavoitteitasi. <\/strong>Vaikka WooCommerce on joustava, asiantuntijan kanssa aloittaminen varmistaa, ett\u00e4 kauppasi toimii moitteettomasti ensimm\u00e4isest\u00e4 p\u00e4iv\u00e4st\u00e4 l\u00e4htien.<strong> \u2013 <\/strong>nopea, turvallinen ja myyntivalmis. Olitpa sitten lanseeraamassa pient\u00e4 tuotelinjaa tai t\u00e4ysiverist\u00e4 verkkokauppaa, kauppasi perustetaan nopeasti testattujen mallien ja parhaiden k\u00e4yt\u00e4nt\u00f6jen avulla. Onko sinulla jo tuotteesi ja sis\u00e4lt\u00f6si? Voit aloittaa julkaisun hetkess\u00e4. Tarvitsetko apua rakenteen, tuotem\u00e4\u00e4rityksen tai visuaalisen ilmeen kanssa? Saatavilla on ohjausta, jotta kaikki on linjassa br\u00e4ndisi kanssa ja puhuttelee asiakkaitasi. Jokainen kauppa on mobiiliyst\u00e4v\u00e4llinen, helppo hallita ja rakennettu konversiot mieless\u00e4 pit\u00e4en. Voit keskitty\u00e4 liiketoimintasi kasvattamiseen, kun kauppasi toimii sujuvasti taustalla.<\/p>\n\n\n\n<div class=\"wp-block-uagb-buttons uagb-buttons__outer-wrap uagb-btn__default-btn uagb-btn-tablet__default-btn uagb-btn-mobile__default-btn uagb-block-d3fad8e5\"><div class=\"uagb-buttons__wrap uagb-buttons-layout-wrap\">\n<div data-aos= \"flip-down\" data-aos-duration=\"400\" data-aos-delay=\"0\" data-aos-easing=\"ease\" data-aos-once=\"true\" class=\"wp-block-uagb-buttons-child uagb-buttons__outer-wrap uagb-block-4272f4d6 wp-block-button\"><div class=\"uagb-button__wrapper\"><a class=\"uagb-buttons-repeater wp-block-button__link\" aria-label=\"\" href=\"#package\" rel=\"follow noopener\" target=\"_self\" role=\"button\"><div class=\"uagb-button__link\">Katso Verkkokauppapaketti<\/div><\/a><\/div><\/div>\n<\/div><\/div>\n<\/div>\n<\/div><\/div>\n\n\n\n<div class=\"wp-block-uagb-container uagb-layout-grid uagb-block-71f7405a alignfull uagb-is-root-container\"><div class=\"uagb-container__shape uagb-container__shape-top\"><svg xmlns=\"https:\/\/www.w3.org\/2000\/svg\" viewbox=\"0 0 1000 100\" preserveaspectratio=\"none\"><path class=\"uagb-container__shape-fill\" d=\"M0,6V0h1000v100L0,6z\"><\/path><\/svg><\/div><div class=\"uagb-container__shape uagb-container__shape-bottom uagb-container__invert\" data-negative=\"false\"><svg xmlns=\"https:\/\/www.w3.org\/2000\/svg\" viewbox=\"0 0 1000 100\" preserveaspectratio=\"none\"><path class=\"uagb-container__shape-fill\" d=\"M0,6V0h1000v100L0,6z\"><\/path><\/svg><\/div><div class=\"uagb-container-inner-blocks-wrap\">\n<div class=\"wp-block-uagb-advanced-heading uagb-block-e669451d\"><h1 class=\"uagb-heading-text\">K\u00e4yt\u00f6ss\u00e4 Miljoonilla Verkkokaupoilla<\/h1><\/div>\n\n\n\n<div class=\"wp-block-uagb-info-box uagb-block-0e5f7db4 uagb-infobox__content-wrap  uagb-infobox-icon-above-title uagb-infobox-image-valign-top\"><div class=\"uagb-ifb-content\"><div class=\"uagb-ifb-title-wrap\"><\/div><p class=\"uagb-ifb-desc\"><strong>Yli 25 % kaikista verkkokaupoista toimii WooCommerce-alustalla, mik\u00e4 tekee siit\u00e4 maailman suosituimman verkkokauppa-alustan. <\/strong>WordPressiin rakennettu se yhdist\u00e4\u00e4 joustavuuden, skaalautuvuuden ja massiivisen ekosysteemin laajennuksia, teemoja ja integraatioita.<br><br>Myytp\u00e4 sitten muutamia tuotteita tai hallinnoitpa koko tuoteluetteloa, WooCommerce antaa sinulle t\u00e4yden hallinnan ilman alustamaksuja tai rajoituksia. Se on luotettava valinta yrityksille, jotka haluavat kasvaa omilla ehdoillaan.<\/p><div class=\"uagb-ifb-button-wrapper wp-block-button\"><a href=\"\/fi\/contact\/?scroll=contactform\" class=\"uagb-infobox-cta-link wp-block-button__link\" target=\"_self\" rel=\"noopener noreferrer\" onclick=\"return true;\"><span class=\"uagb-inline-editing\">Hanki WooCommerce Kauppa<\/span><\/a><\/div><\/div><\/div>\n<\/div><\/div>\n\n\n\n<div class=\"wp-block-uagb-advanced-heading uagb-block-7197ccb0 uag-hide-desktop uag-hide-tab uag-hide-mob\"><h2 class=\"uagb-heading-text\">Kehitysprosessi<\/h2><div class=\"uagb-separator\"><\/div><\/div>\n\n\n\n<div class=\"wp-block-group has-white-background-color has-background uag-hide-desktop uag-hide-tab uag-hide-mob is-layout-constrained wp-container-core-group-is-layout-ad0e3363 wp-block-group-is-layout-constrained\" style=\"padding-right:0rem;padding-left:0rem\"><div class=\"wp-block-group__inner-container\">\n<div class=\"wp-block-uagb-container uagb-block-58a4d9d0 alignfull uagb-is-root-container\"><div class=\"uagb-container-inner-blocks-wrap\">\n<div class=\"wp-block-uagb-container uagb-block-b1f18f4e\">\n<div class=\"wp-block-uagb-advanced-heading uagb-block-8102e854\"><h2 class=\"uagb-heading-text\">1. Yhteydenotto<\/h2><\/div>\n<\/div>\n\n\n\n<div class=\"wp-block-uagb-container uagb-block-9a205838\">\n<p>Kaikki alkaa lyhyell\u00e4 viestill\u00e4. Kerro minulle, millaista <strong>verkkokauppaa<\/strong> tarvitset, oli se sitten yksinkertainen tuoteluettelo tai t\u00e4ysin varustellun kaupan maksuineen ja toimituksineen. Katsomme, mik\u00e4 sopii tavoitteisiisi, aikatauluusi ja budjettiisi. Ei paineita, vain selkeytt\u00e4 alusta alkaen.<\/p>\n<\/div>\n<\/div><\/div>\n\n\n\n<div class=\"wp-block-uagb-separator uagb-block-fb4dbbda\"><div class=\"wp-block-uagb-separator__inner\" style=\"--my-background-image:\"><\/div><\/div>\n\n\n\n<div class=\"wp-block-uagb-container uagb-block-3c3ab2f7 alignfull uagb-is-root-container\"><div class=\"uagb-container-inner-blocks-wrap\">\n<div class=\"wp-block-uagb-container uagb-block-9d06ada9\">\n<p>Kun suunnitelma on selke\u00e4, saat yksinkertaisen sopimuksen, jossa esitet\u00e4\u00e4n sopimuksen sis\u00e4lt\u00f6, kuten tuotteen asennus, maksutavat ja toimitusvaihtoehdot sek\u00e4 aikataulu ja hinta. T\u00e4m\u00e4 pit\u00e4\u00e4 kaiken selke\u00e4n\u00e4 ja varmistaa, ett\u00e4 projektisi etenee sujuvasti.<\/p>\n<\/div>\n\n\n\n<div class=\"wp-block-uagb-container uagb-block-66e31488\">\n<div class=\"wp-block-uagb-advanced-heading uagb-block-ac410b3d\"><h2 class=\"uagb-heading-text\">2. Sopimus<\/h2><\/div>\n<\/div>\n<\/div><\/div>\n\n\n\n<div class=\"wp-block-uagb-separator uagb-block-9a1be0a7\"><div class=\"wp-block-uagb-separator__inner\" style=\"--my-background-image:\"><\/div><\/div>\n\n\n\n<div class=\"wp-block-uagb-container uagb-block-4e035bdd alignfull uagb-is-root-container\"><div class=\"uagb-container-inner-blocks-wrap\">\n<div class=\"wp-block-uagb-container uagb-block-9c9bc0fd\">\n<div class=\"wp-block-uagb-advanced-heading uagb-block-1317b54b\"><h2 class=\"uagb-heading-text\">3. Kehitys<\/h2><\/div>\n<\/div>\n\n\n\n<div class=\"wp-block-uagb-container uagb-block-1c190f0c\">\n<p>Varsinainen verkkokaupan rakentaminen alkaa. WooCommerce-sivustosi perustetaan luotettavien ty\u00f6kalujen, nopeiden k\u00e4yt\u00e4nt\u00f6jen ja selke\u00e4n, konversioon keskittyv\u00e4n suunnittelun avulla. Jos sinulla on jo tuotteita ja sis\u00e4lt\u00f6\u00e4, ne lis\u00e4t\u00e4\u00e4n heti. Jos ei, apua rakenteen, tuotteiden asennuksen ja ulkoasun kanssa sis\u00e4ltyy hintaan.<\/p>\n<\/div>\n<\/div><\/div>\n\n\n\n<div class=\"wp-block-uagb-separator uagb-block-4314e376\"><div class=\"wp-block-uagb-separator__inner\" style=\"--my-background-image:\"><\/div><\/div>\n\n\n\n<div class=\"wp-block-uagb-container uagb-block-bac2b1b9 alignfull uagb-is-root-container\"><div class=\"uagb-container-inner-blocks-wrap\">\n<div class=\"wp-block-uagb-container uagb-block-fd106a5c\">\n<p>Kun kaikki on testattu ja hyv\u00e4ksytty \u2013 tuotteet, kassaprosessi ja mobiilik\u00e4ytett\u00e4vyys \u2013, kauppasi julkaistaan. Saat ohjeet tuotteiden, tilausten ja asetusten hallintaan. Saat jatkuvaa tukea, jos tarvitset apua kasvussa, ominaisuuksien lis\u00e4\u00e4misess\u00e4 tai asioiden sujuvassa toiminnassa.<\/p>\n<\/div>\n\n\n\n<div class=\"wp-block-uagb-container uagb-block-12665836\">\n<div class=\"wp-block-uagb-advanced-heading uagb-block-9e5435d8\"><h2 class=\"uagb-heading-text\">4. K\u00e4ytt\u00f6\u00f6notto<\/h2><\/div>\n<\/div>\n<\/div><\/div>\n<\/div><\/div>\n\n\n\n<div class=\"wp-block-uagb-container uagb-block-4eb0a9d7 alignfull uagb-is-root-container\"><div class=\"uagb-container-inner-blocks-wrap\">\n<div class=\"wp-block-uagb-advanced-heading uagb-block-8f033dd4\" id=\"package\"><h2 class=\"uagb-heading-text\">Woocommerce Kauppa<\/h2><div class=\"uagb-separator\"><\/div><\/div>\n\n\n\n<div class=\"wp-block-columns alignwide is-layout-flex wp-container-core-columns-is-layout-d2da2050 wp-block-columns-is-layout-flex\" style=\"margin-bottom:0\">\n<div class=\"wp-block-column has-text-color has-background has-link-color wp-elements-9abbbc37dcdef69f8377c47bb76501b1 is-layout-flow wp-block-column-is-layout-flow\" style=\"border-style:none;border-width:0px;color:#000000;background:linear-gradient(135deg,rgb(225,236,241) 0%,rgb(225,236,241) 100%);padding-top:2em;padding-right:2em;padding-bottom:2em;padding-left:2em;box-shadow:var(--wp--preset--shadow--natural)\">\n<h3 class=\"wp-block-heading\" id=\"family\" style=\"font-size:35px\"><strong>Pro-Verkkokauppa<\/strong><\/h3>\n\n\n\n<p class=\"has-normal-font-size\" style=\"line-height:1.5\"><strong>Yrityksille, jotka ovat valmiita kasvamaan ja myym\u00e4\u00e4n verkossa.<\/strong><\/p>\n\n\n\n<hr class=\"wp-block-separator has-text-color has-ast-global-color-2-color has-alpha-channel-opacity has-ast-global-color-2-background-color has-background is-style-wide\"\/>\n\n\n\n<ul class=\"wp-block-list has-normal-font-size\">\n<li>WooCommerce-asennus ja konfigurointi<\/li>\n\n\n\n<li>Kustomoitu <strong>myym\u00e4l\u00e4n ja tuotesivun asettelu<\/strong><\/li>\n\n\n\n<li>Jopa <strong>10 tuotetta tai kategoriaa<\/strong> lis\u00e4tty ja tyylitelty (lis\u00e4\u00e4 voidaan lis\u00e4t\u00e4 my\u00f6hemmin)<\/li>\n\n\n\n<li><strong>Mobiilioptimoitu<\/strong> ja k\u00e4ytt\u00e4j\u00e4yst\u00e4v\u00e4llinen design<\/li>\n\n\n\n<li>Yleiset <strong>maksutavat<\/strong> (Stripe, PayPal, Bank Transfer)<\/li>\n\n\n\n<li><strong>Toimitusasetukset<\/strong> (kiinte\u00e4hintainen, nouto tai vy\u00f6hykkeet)<\/li>\n\n\n\n<li><strong>Laajennettu hakukoneoptimointi<\/strong> tuotteille ja sivuille<\/li>\n\n\n\n<li>Optimoitu <strong>nopeus- ja suorituskykyasetukset<\/strong><\/li>\n\n\n\n<li>L\u00e4pik\u00e4ynti tai koulutus <strong>tuotteiden ja tilausten hallintaan<\/strong><\/li>\n<\/ul>\n\n\n\n<div class=\"wp-block-uagb-advanced-heading uagb-block-ea9efc0e\"><h5 class=\"uagb-heading-text\">1400\u20ac + ALV<\/h5><\/div>\n<\/div>\n<\/div>\n\n\n\n<div class=\"wp-block-columns is-layout-flex wp-container-core-columns-is-layout-28f84493 wp-block-columns-is-layout-flex\">\n<div class=\"wp-block-column is-layout-flow wp-block-column-is-layout-flow\" style=\"flex-basis:100%\">\n<div class=\"wp-block-group is-layout-constrained wp-block-group-is-layout-constrained\"><div class=\"wp-block-group__inner-container\">\n<div class=\"wp-block-uagb-buttons uagb-buttons__outer-wrap uagb-btn__default-btn uagb-btn-tablet__default-btn uagb-btn-mobile__default-btn uagb-block-bac973ca\"><div class=\"uagb-buttons__wrap uagb-buttons-layout-wrap\">\n<div data-aos= \"flip-right\" data-aos-duration=\"400\" data-aos-delay=\"0\" data-aos-easing=\"ease\" data-aos-once=\"true\" class=\"wp-block-uagb-buttons-child uagb-buttons__outer-wrap uagb-block-d8c5e1f4 wp-block-button\"><div class=\"uagb-button__wrapper\"><a class=\"uagb-buttons-repeater wp-block-button__link\" aria-label=\"\" href=\"\/fi\/contact\/?scroll=contactform\" rel=\"follow noopener\" target=\"_self\" role=\"button\"><div class=\"uagb-button__link\">Tehd\u00e4\u00e4n Verkkokauppa<\/div><span class=\"uagb-button__icon uagb-button__icon-position-after\"><svg xmlns=\"https:\/\/www.w3.org\/2000\/svg\" viewbox=\"0 0 448 512\" aria-hidden=\"true\" focussable=\"false\"><path d=\"M438.6 278.6l-160 160C272.4 444.9 264.2 448 256 448s-16.38-3.125-22.62-9.375c-12.5-12.5-12.5-32.75 0-45.25L338.8 288H32C14.33 288 .0016 273.7 .0016 256S14.33 224 32 224h306.8l-105.4-105.4c-12.5-12.5-12.5-32.75 0-45.25s32.75-12.5 45.25 0l160 160C451.1 245.9 451.1 266.1 438.6 278.6z\"><\/path><\/svg><\/span><\/a><\/div><\/div>\n<\/div><\/div>\n<\/div><\/div>\n<\/div>\n<\/div>\n\n\n\n<div class=\"wp-block-uagb-advanced-heading uagb-block-005acca9\"><h2 class=\"uagb-heading-text\">Lis\u00e4ykset<\/h2><\/div>\n\n\n\n<figure class=\"wp-block-table is-style-stripes\"><table class=\"has-ast-global-color-5-background-color has-background\" style=\"border-style:none;border-width:0px\"><tbody><tr><td><strong>Ominaisuus<\/strong><\/td><td><strong>Sis\u00e4lt\u00e4\u00e4<\/strong><\/td><td><strong>Hinta<\/strong><\/td><\/tr><tr><td><strong>Tuotteiden latauspalvelu<\/strong><\/td><td>Jopa 20 lis\u00e4tuotteen lis\u00e4\u00e4minen ja muotoilu (asiakas toimittaa sis\u00e4ll\u00f6n)<\/td><td>150\u20ac + ALV<\/td><\/tr><tr><td><strong>Edistynyt suodatus<\/strong><\/td><td>M\u00e4\u00e4rit\u00e4 tuotesuodattimia luokan, ominaisuuden, hinnan jne. mukaan.<\/td><td>200\u20ac + ALV<\/td><\/tr><tr><td><strong>Tuotevariaatiot ja v\u00e4rimallit<\/strong><\/td><td>V\u00e4ri- ja koko-alasvetovalikot tai v\u00e4rimallit dynaamisilla hinnoilla\/kuvilla<\/td><td>180\u20ac + ALV<\/td><\/tr><tr><td><strong>Ajanvarausj\u00e4rjestelm\u00e4<\/strong><\/td><td>Integroitu kalenteri varauksille, varauksille tai aikasidonnaisille palveluille<\/td><td>350\u20ac + ALV<\/td><\/tr><tr><td><strong>Tilaukset ja toistuvat maksut<\/strong><\/td><td>WooCommerce Subscriptions -laajennuksen asennus ja testaus<\/td><td>300\u20ac + ALV<\/td><\/tr><tr><td><strong>Monikielinen kauppa (2 kielt\u00e4)<\/strong><\/td><td>Polylang- tai WPML-asetus tuotek\u00e4\u00e4nn\u00f6srakenteella<\/td><td>450\u20ac + ALV<\/td><\/tr><tr><td><strong>Mukautettu kassasuunnittelu<\/strong><\/td><td>Virtaviivaistettu tai br\u00e4nd\u00e4tty kassaprosessi lis\u00e4myyntiominaisuuksilla<\/td><td>250\u20ac + ALV<\/td><\/tr><tr><td><strong>Hyl\u00e4tyn ostoskorin palautus<\/strong><\/td><td>Ostoskorin muistutuss\u00e4hk\u00f6postien tai -integraatioiden (esim. Mailchimp) m\u00e4\u00e4ritt\u00e4minen<\/td><td>180\u20ac + ALV<\/td><\/tr><tr><td><strong>Google Shopping \/ Metatuotesy\u00f6te<\/strong><\/td><td>Automaattinen tuotesy\u00f6tteen m\u00e4\u00e4ritys Google Adsille, Facebook Shopille jne.<\/td><td>150\u20ac + ALV<\/td><\/tr><tr><td><strong>S\u00e4hk\u00f6postimarkkinoinnin integrointi<\/strong><\/td><td>Yhdist\u00e4 ja tyylit\u00e4 s\u00e4hk\u00f6postien sieppausta Mailchimpin, Klaviyon jne. avulla.<\/td><td>150\u20ac + ALV<\/td><\/tr><tr><td><strong>Kuukausittainen yll\u00e4pito ja tuki<\/strong><\/td><td>Lis\u00e4osien p\u00e4ivitykset, varmuuskopiot, k\u00e4ytt\u00f6ajan seuranta ja pienet muokkaukset<\/td><td>49\u20ac + ALV \/ kk<\/td><\/tr><\/tbody><\/table><\/figure>\n<\/div><\/div>\n\n\n\n<div class=\"wp-block-uagb-container uagb-block-fbec938f alignfull uagb-is-root-container\"><div class=\"uagb-container__shape uagb-container__shape-bottom uagb-container__invert\" data-negative=\"false\"><svg xmlns=\"https:\/\/www.w3.org\/2000\/svg\" viewbox=\"0 0 1000 100\" preserveaspectratio=\"none\"><path class=\"uagb-container__shape-fill\" d=\"M0,6V0h1000v100L0,6z\"><\/path><\/svg><\/div><div class=\"uagb-container-inner-blocks-wrap\">\n<div data-aos= \"fade-up\" data-aos-duration=\"400\" data-aos-delay=\"0\" data-aos-easing=\"ease\" data-aos-once=\"true\" class=\"wp-block-uagb-info-box uagb-block-238d1bff uagb-infobox__content-wrap  uagb-infobox-icon-above-title uagb-infobox-image-valign-top\"><div class=\"uagb-ifb-content\"><div class=\"uagb-ifb-title-wrap\"><h2 class=\"uagb-ifb-title\">Valmis aloittamaan myynnin sinulle sopivan kaupan kanssa?<\/h2><\/div><p class=\"uagb-ifb-desc\">Rakennetaan verkkokauppa, joka tukee liiketoimintaasi nopeasti, selke\u00e4sti ja r\u00e4\u00e4t\u00e4l\u00f6id\u00e4\u00e4n tavoitteidesi mukaan. Olipa sinulla sitten valmiita tuotteita tai tarvitset apua kauppasi j\u00e4sent\u00e4misess\u00e4, tuloksena on sivusto, joka rakentaa luottamusta, edist\u00e4\u00e4 myynti\u00e4 ja on helppo hallita.<\/p><div class=\"uagb-ifb-button-wrapper wp-block-button\"><a href=\"\/fi\/contact\/?scroll=contactform\" class=\"uagb-infobox-cta-link wp-block-button__link\" target=\"_self\" rel=\"noopener noreferrer\" onclick=\"return true;\"><span class=\"uagb-inline-editing\">Aloitetaan \u2013 Ota Yhteytt\u00e4<\/span><\/a><\/div><\/div><\/div>\n<\/div><\/div>","protected":false},"excerpt":{"rendered":"<p>WooCommerce Stores General info WooCommerce is the leading eCommerce solution for WordPress \u2013 trusted by millions of businesses worldwide. It\u2019s powerful, customizable, and built to grow alongside your store. Whether you&#8217;re selling physical products, digital downloads, or subscriptions, WooCommerce gives you full control over your online shop without the high costs of proprietary platforms. You [&hellip;]<\/p>","protected":false},"author":1,"featured_media":0,"parent":0,"menu_order":0,"comment_status":"closed","ping_status":"closed","template":"","meta":{"om_disable_all_campaigns":false,"_uag_custom_page_level_css":"","_monsterinsights_skip_tracking":false,"_monsterinsights_sitenote_active":false,"_monsterinsights_sitenote_note":"","_monsterinsights_sitenote_category":0,"site-sidebar-layout":"default","site-content-layout":"","ast-site-content-layout":"default","site-content-style":"default","site-sidebar-style":"default","ast-global-header-display":"","ast-banner-title-visibility":"","ast-main-header-display":"","ast-hfb-above-header-display":"","ast-hfb-below-header-display":"","ast-hfb-mobile-header-display":"","site-post-title":"disabled","ast-breadcrumbs-content":"","ast-featured-img":"","footer-sml-layout":"","theme-transparent-header-meta":"","adv-header-id-meta":"","stick-header-meta":"","header-above-stick-meta":"","header-main-stick-meta":"","header-below-stick-meta":"","astra-migrate-meta-layouts":"set","ast-page-background-enabled":"default","ast-page-background-meta":{"desktop":{"background-color":"","background-image":"","background-repeat":"repeat","background-position":"center center","background-size":"auto","background-attachment":"scroll","background-type":"","background-media":"","overlay-type":"","overlay-color":"","overlay-opacity":"","overlay-gradient":""},"tablet":{"background-color":"","background-image":"","background-repeat":"repeat","background-position":"center center","background-size":"auto","background-attachment":"scroll","background-type":"","background-media":"","overlay-type":"","overlay-color":"","overlay-opacity":"","overlay-gradient":""},"mobile":{"background-color":"","background-image":"","background-repeat":"repeat","background-position":"center center","background-size":"auto","background-attachment":"scroll","background-type":"","background-media":"","overlay-type":"","overlay-color":"","overlay-opacity":"","overlay-gradient":""}},"ast-content-background-meta":{"desktop":{"background-color":"var(--ast-global-color-5)","background-image":"","background-repeat":"repeat","background-position":"center center","background-size":"auto","background-attachment":"scroll","background-type":"","background-media":"","overlay-type":"","overlay-color":"","overlay-opacity":"","overlay-gradient":""},"tablet":{"background-color":"var(--ast-global-color-5)","background-image":"","background-repeat":"repeat","background-position":"center center","background-size":"auto","background-attachment":"scroll","background-type":"","background-media":"","overlay-type":"","overlay-color":"","overlay-opacity":"","overlay-gradient":""},"mobile":{"background-color":"var(--ast-global-color-5)","background-image":"","background-repeat":"repeat","background-position":"center center","background-size":"auto","background-attachment":"scroll","background-type":"","background-media":"","overlay-type":"","overlay-color":"","overlay-opacity":"","overlay-gradient":""}},"footnotes":""},"class_list":["post-2202","page","type-page","status-publish","hentry"],"aioseo_notices":[],"uagb_featured_image_src":{"full":false,"thumbnail":false,"medium":false,"medium_large":false,"large":false,"1536x1536":false,"2048x2048":false,"trp-custom-language-flag":false},"uagb_author_info":{"display_name":"Sivukehitys","author_link":"https:\/\/sivukehitys.com\/fi\/author\/smaatta-devgmail-com\/"},"uagb_comment_info":0,"uagb_excerpt":"WooCommerce Stores General info WooCommerce is the leading eCommerce solution for WordPress \u2013 trusted by millions of businesses worldwide. It\u2019s powerful, customizable, and built to grow alongside your store. Whether you&#8217;re selling physical products, digital downloads, or subscriptions, WooCommerce gives you full control over your online shop without the high costs of proprietary platforms. You&hellip;","_links":{"self":[{"href":"https:\/\/sivukehitys.com\/fi\/wp-json\/wp\/v2\/pages\/2202","targetHints":{"allow":["GET"]}}],"collection":[{"href":"https:\/\/sivukehitys.com\/fi\/wp-json\/wp\/v2\/pages"}],"about":[{"href":"https:\/\/sivukehitys.com\/fi\/wp-json\/wp\/v2\/types\/page"}],"author":[{"embeddable":true,"href":"https:\/\/sivukehitys.com\/fi\/wp-json\/wp\/v2\/users\/1"}],"replies":[{"embeddable":true,"href":"https:\/\/sivukehitys.com\/fi\/wp-json\/wp\/v2\/comments?post=2202"}],"version-history":[{"count":81,"href":"https:\/\/sivukehitys.com\/fi\/wp-json\/wp\/v2\/pages\/2202\/revisions"}],"predecessor-version":[{"id":4116,"href":"https:\/\/sivukehitys.com\/fi\/wp-json\/wp\/v2\/pages\/2202\/revisions\/4116"}],"wp:attachment":[{"href":"https:\/\/sivukehitys.com\/fi\/wp-json\/wp\/v2\/media?parent=2202"}],"curies":[{"name":"wp","href":"https:\/\/api.w.org\/{rel}","templated":true}]}}