{"id":2532,"date":"2025-07-01T19:53:45","date_gmt":"2025-07-01T19:53:45","guid":{"rendered":"https:\/\/sivukehitys.com\/?page_id=2532"},"modified":"2025-12-13T09:11:38","modified_gmt":"2025-12-13T09:11:38","slug":"maintenance","status":"publish","type":"page","link":"https:\/\/sivukehitys.com\/fi\/maintenance\/","title":{"rendered":"Yll\u00e4pito"},"content":{"rendered":"<div class=\"wp-block-uagb-container other-page-first-section uag-blocks-common-selector uagb-block-c1e2fce7 alignfull uagb-is-root-container\"><div class=\"uagb-container-inner-blocks-wrap\">\n<div class=\"wp-block-uagb-advanced-heading uagb-block-c767fabd\"><h1 class=\"uagb-heading-text\">Verkkosivujen Huolto<\/h1><\/div>\n<\/div><\/div>\n\n\n\n<div class=\"wp-block-uagb-container uagb-block-653be499 alignfull uagb-is-root-container\"><div class=\"uagb-container-inner-blocks-wrap\">\n<h2 class=\"wp-block-heading has-text-align-center has-large-font-size\">Huolto ja p\u00e4ivitykset<\/h2>\n\n\n\n<div class=\"wp-block-uagb-advanced-heading uagb-block-b6a5b85a\"><h2 class=\"uagb-heading-text\">WordPress-sivustoille, WooCommerce-kaupoille ja React\/Next.js-sovelluksille.<\/h2><\/div>\n\n\n\n<p class=\"has-text-align-center has-medium-font-size\" style=\"margin-top:var(--wp--preset--spacing--60);margin-bottom:var(--wp--preset--spacing--60)\">Pid\u00e4 verkkosivustosi toiminnassa sujuvasti ja kehittyy tarpeidesi mukaan. Tarvitsetpa sitten nopeita korjauksia, jatkuvia p\u00e4ivityksi\u00e4 tai uusia ominaisuuksia WordPress-sivustoosi tai mukautettuun sovellukseesi, tarjoamme luotettavaa ja tehokasta kehitystukea tunti- tai kiinte\u00e4ll\u00e4 hinnalla.<\/p>\n\n\n\n<div class=\"wp-block-uagb-buttons uagb-buttons__outer-wrap uagb-btn__default-btn uagb-btn-tablet__default-btn uagb-btn-mobile__default-btn uagb-block-86323fd1\"><div class=\"uagb-buttons__wrap uagb-buttons-layout-wrap\">\n<div data-aos= \"flip-right\" data-aos-duration=\"400\" data-aos-delay=\"0\" data-aos-easing=\"ease\" data-aos-once=\"true\" class=\"wp-block-uagb-buttons-child uagb-buttons__outer-wrap uagb-block-5a11d699 wp-block-button\"><div class=\"uagb-button__wrapper\"><a class=\"uagb-buttons-repeater wp-block-button__link\" aria-label=\"\" href=\"\/fi\/contact\/?scroll=contactform\" rel=\"follow noopener\" target=\"_self\" role=\"button\"><div class=\"uagb-button__link\">Hanki huolto \u2013 Ota yhteytt\u00e4 nyt <\/div><\/a><\/div><\/div>\n<\/div><\/div>\n<\/div><\/div>\n\n\n\n<div class=\"wp-block-uagb-container uagb-block-f0804e54 alignfull uagb-is-root-container\"><div class=\"uagb-container-inner-blocks-wrap\">\n<div class=\"wp-block-uagb-advanced-heading uagb-block-7197ccb0\"><h2 class=\"uagb-heading-text\"><strong>Huoltotarjonta<\/strong><\/h2><div class=\"uagb-separator\"><\/div><\/div>\n\n\n\n<div class=\"wp-block-uagb-container uagb-block-c38547d0 alignfull uagb-is-root-container\"><div class=\"uagb-container-inner-blocks-wrap\">\n<div data-aos= \"fade\" data-aos-duration=\"400\" data-aos-delay=\"0\" data-aos-easing=\"ease\" data-aos-once=\"true\" class=\"wp-block-uagb-container uagb-block-6b00daef\">\n<div class=\"wp-block-uagb-advanced-heading uagb-block-0db59970\"><h2 class=\"uagb-heading-text\">Korjaus<\/h2><\/div>\n\n\n\n<p>Onko jokin rikki? L\u00f6yd\u00e4mme ongelman ja korjaamme sen, olipa kyseess\u00e4 sitten ulkoasun h\u00e4iri\u00f6t, laajennusristiriidat tai sovellusvirheet.<\/p>\n<\/div>\n\n\n\n<div data-aos= \"fade\" data-aos-duration=\"400\" data-aos-delay=\"0\" data-aos-easing=\"ease\" data-aos-once=\"true\" class=\"wp-block-uagb-container uagb-block-54ef2f4f\">\n<div class=\"wp-block-uagb-advanced-heading uagb-block-fced96ba\"><h2 class=\"uagb-heading-text\">Lis\u00e4\u00e4 uusi ominaisuus<\/h2><\/div>\n\n\n\n<p>Tarvitsetko varauslomakkeen, uutiskirjeintegraation, kojelaudan komponentin tai jotain r\u00e4\u00e4t\u00e4l\u00f6idymp\u00e4\u00e4? Voimme suunnitella ja kehitt\u00e4\u00e4 uusia ominaisuuksia, jotka integroituvat saumattomasti olemassa olevaan sivustoosi tai sovellukseesi.<\/p>\n<\/div>\n<\/div><\/div>\n\n\n\n<div class=\"wp-block-uagb-container uagb-block-598cc417 alignfull uagb-is-root-container\"><div class=\"uagb-container-inner-blocks-wrap\">\n<div data-aos= \"fade\" data-aos-duration=\"400\" data-aos-delay=\"0\" data-aos-easing=\"ease\" data-aos-once=\"true\" class=\"wp-block-uagb-container uagb-block-f300e021\">\n<div class=\"wp-block-uagb-advanced-heading uagb-block-217d901e\"><h2 class=\"uagb-heading-text\">Jatkuvat p\u00e4ivitykset<\/h2><\/div>\n\n\n\n<p>Pid\u00e4 alustasi turvallisena ja ajan tasalla. Voimme hoitaa WordPressin, lis\u00e4osien, teemojen tai nykyaikaisten kehysten, kuten Next.js:n, ja riippuvuuksien p\u00e4ivitykset.<\/p>\n<\/div>\n\n\n\n<div data-aos= \"fade\" data-aos-duration=\"400\" data-aos-delay=\"0\" data-aos-easing=\"ease\" data-aos-once=\"true\" class=\"wp-block-uagb-container uagb-block-2a90275a\">\n<div class=\"wp-block-uagb-advanced-heading uagb-block-025f0248\"><h2 class=\"uagb-heading-text\">Suorituskyky ja testaus<\/h2><\/div>\n\n\n\n<p>Optimoinnit, esteett\u00f6myyden parannukset, mobiililaitteiden reagointikyky tai virheiden korjaaminen ennen kuin ne vaikuttavat k\u00e4ytt\u00e4jiin.<\/p>\n<\/div>\n<\/div><\/div>\n\n\n\n<div class=\"wp-block-uagb-buttons uagb-buttons__outer-wrap uagb-btn__default-btn uagb-btn-tablet__default-btn uagb-btn-mobile__default-btn uagb-block-e988b0f9\"><div class=\"uagb-buttons__wrap uagb-buttons-layout-wrap\">\n<div class=\"wp-block-uagb-buttons-child uagb-buttons__outer-wrap uagb-block-8fe8fdfb wp-block-button\"><div class=\"uagb-button__wrapper\"><a class=\"uagb-buttons-repeater wp-block-button__link\" aria-label=\"\" href=\"\/fi\/contact\/?scroll=contactform\" rel=\"follow noopener\" target=\"_self\" role=\"button\"><div class=\"uagb-button__link\">Ota yhteytt\u00e4 palvelua varten<\/div><span class=\"uagb-button__icon uagb-button__icon-position-after\"><svg xmlns=\"https:\/\/www.w3.org\/2000\/svg\" viewbox=\"0 0 448 512\" aria-hidden=\"true\" focussable=\"false\"><path d=\"M438.6 278.6l-160 160C272.4 444.9 264.2 448 256 448s-16.38-3.125-22.62-9.375c-12.5-12.5-12.5-32.75 0-45.25L338.8 288H32C14.33 288 .0016 273.7 .0016 256S14.33 224 32 224h306.8l-105.4-105.4c-12.5-12.5-12.5-32.75 0-45.25s32.75-12.5 45.25 0l160 160C451.1 245.9 451.1 266.1 438.6 278.6z\"><\/path><\/svg><\/span><\/a><\/div><\/div>\n<\/div><\/div>\n<\/div><\/div>\n\n\n\n<div class=\"wp-block-uagb-container uag-hide-desktop uag-hide-tab uag-hide-mob uagb-block-19289bbd alignfull uagb-is-root-container\"><div class=\"uagb-container-inner-blocks-wrap\">\n<h2 class=\"wp-block-heading has-text-align-center\">Joustava hinnoittelu<\/h2>\n\n\n\n<ul class=\"wp-block-list\">\n<li class=\"has-medium-font-size\"><strong>Suuremmat ominaisuudet: Hintatarjous saatavilla<\/strong><\/li>\n\n\n\n<li class=\"has-medium-font-size\"><strong>Tuntihinta 45\u20ac + alv<\/strong><\/li>\n\n\n\n<li class=\"has-medium-font-size\"><strong>Minimiveloitus yksi tunti<\/strong><\/li>\n<\/ul>\n\n\n\n<div class=\"wp-block-uagb-separator uagb-block-ec5f9875\"><div class=\"wp-block-uagb-separator__inner\" style=\"--my-background-image:\"><\/div><\/div>\n\n\n\n<div class=\"wp-block-uagb-buttons uagb-buttons__outer-wrap uagb-btn__default-btn uagb-btn-tablet__default-btn uagb-btn-mobile__default-btn uagb-block-c6c29e08\"><div class=\"uagb-buttons__wrap uagb-buttons-layout-wrap\">\n<div class=\"wp-block-uagb-buttons-child uagb-buttons__outer-wrap uagb-block-96876d1e wp-block-button\"><div class=\"uagb-button__wrapper\"><a class=\"uagb-buttons-repeater wp-block-button__link\" aria-label=\"\" href=\"\/fi\/contact\/?scroll=contactform\" rel=\"follow noopener\" target=\"_self\" role=\"button\"><div class=\"uagb-button__link\">PYYD\u00c4 TARJOUS<\/div><\/a><\/div><\/div>\n<\/div><\/div>\n<\/div><\/div>\n\n\n\n<div class=\"wp-block-uagb-container uagb-block-737cf484 alignfull uagb-is-root-container\"><div class=\"uagb-container__shape uagb-container__shape-bottom uagb-container__invert\" data-negative=\"false\"><svg xmlns=\"https:\/\/www.w3.org\/2000\/svg\" viewbox=\"0 0 1000 100\" preserveaspectratio=\"none\"><path class=\"uagb-container__shape-fill\" d=\"M0,6V0h1000v100L0,6z\"><\/path><\/svg><\/div><div class=\"uagb-container-inner-blocks-wrap\">\n<div data-aos= \"fade-up\" data-aos-duration=\"400\" data-aos-delay=\"0\" data-aos-easing=\"ease\" data-aos-once=\"true\" class=\"wp-block-uagb-info-box uagb-block-a1136e67 uagb-infobox__content-wrap  uagb-infobox-icon-above-title uagb-infobox-image-valign-top\"><div class=\"uagb-ifb-content\"><div class=\"uagb-ifb-title-wrap\"><h2 class=\"uagb-ifb-title\">Tarvitsetko apua verkkosivustosi kanssa?<\/h2><\/div><p class=\"uagb-ifb-desc\">Olipa kyseess\u00e4 sitten WordPress tai r\u00e4\u00e4t\u00e4l\u00f6ity sovellus, pid\u00e4mme sivustosi turvallisena, toimivana ja kehittyv\u00e4n\u00e4 yrityksesi mukana.<\/p><div class=\"uagb-ifb-button-wrapper wp-block-button\"><a href=\"\/fi\/contact\/?scroll=contactform\" class=\"uagb-infobox-cta-link wp-block-button__link\" target=\"_self\" rel=\"noopener noreferrer\" onclick=\"return true;\"><span class=\"uagb-inline-editing\">Ota yhteytt\u00e4<\/span><\/a><\/div><\/div><\/div>\n<\/div><\/div>","protected":false},"excerpt":{"rendered":"<p>Website\u200b Maintenance Maintenance &amp; Feature Updates For WordPress sites, WooCommerce stores and React\/Next.js apps. Keep your website running smoothly and evolving with your needs. Whether you need quick fixes, ongoing updates, or new features added to your WordPress site or custom app. We offer reliable and efficient development support, hourly or fixed rate. Maintenance offerings [&hellip;]<\/p>","protected":false},"author":1,"featured_media":0,"parent":0,"menu_order":0,"comment_status":"closed","ping_status":"closed","template":"","meta":{"om_disable_all_campaigns":false,"_uag_custom_page_level_css":"","_monsterinsights_skip_tracking":false,"_monsterinsights_sitenote_active":false,"_monsterinsights_sitenote_note":"","_monsterinsights_sitenote_category":0,"site-sidebar-layout":"default","site-content-layout":"","ast-site-content-layout":"default","site-content-style":"default","site-sidebar-style":"default","ast-global-header-display":"","ast-banner-title-visibility":"","ast-main-header-display":"","ast-hfb-above-header-display":"","ast-hfb-below-header-display":"","ast-hfb-mobile-header-display":"","site-post-title":"disabled","ast-breadcrumbs-content":"","ast-featured-img":"","footer-sml-layout":"","theme-transparent-header-meta":"","adv-header-id-meta":"","stick-header-meta":"","header-above-stick-meta":"","header-main-stick-meta":"","header-below-stick-meta":"","astra-migrate-meta-layouts":"set","ast-page-background-enabled":"default","ast-page-background-meta":{"desktop":{"background-color":"","background-image":"","background-repeat":"repeat","background-position":"center center","background-size":"auto","background-attachment":"scroll","background-type":"","background-media":"","overlay-type":"","overlay-color":"","overlay-opacity":"","overlay-gradient":""},"tablet":{"background-color":"","background-image":"","background-repeat":"repeat","background-position":"center center","background-size":"auto","background-attachment":"scroll","background-type":"","background-media":"","overlay-type":"","overlay-color":"","overlay-opacity":"","overlay-gradient":""},"mobile":{"background-color":"","background-image":"","background-repeat":"repeat","background-position":"center center","background-size":"auto","background-attachment":"scroll","background-type":"","background-media":"","overlay-type":"","overlay-color":"","overlay-opacity":"","overlay-gradient":""}},"ast-content-background-meta":{"desktop":{"background-color":"var(--ast-global-color-5)","background-image":"","background-repeat":"repeat","background-position":"center center","background-size":"auto","background-attachment":"scroll","background-type":"","background-media":"","overlay-type":"","overlay-color":"","overlay-opacity":"","overlay-gradient":""},"tablet":{"background-color":"var(--ast-global-color-5)","background-image":"","background-repeat":"repeat","background-position":"center center","background-size":"auto","background-attachment":"scroll","background-type":"","background-media":"","overlay-type":"","overlay-color":"","overlay-opacity":"","overlay-gradient":""},"mobile":{"background-color":"var(--ast-global-color-5)","background-image":"","background-repeat":"repeat","background-position":"center center","background-size":"auto","background-attachment":"scroll","background-type":"","background-media":"","overlay-type":"","overlay-color":"","overlay-opacity":"","overlay-gradient":""}},"footnotes":""},"class_list":["post-2532","page","type-page","status-publish","hentry"],"aioseo_notices":[],"uagb_featured_image_src":{"full":false,"thumbnail":false,"medium":false,"medium_large":false,"large":false,"1536x1536":false,"2048x2048":false,"trp-custom-language-flag":false},"uagb_author_info":{"display_name":"Sivukehitys","author_link":"https:\/\/sivukehitys.com\/fi\/author\/smaatta-devgmail-com\/"},"uagb_comment_info":0,"uagb_excerpt":"Website\u200b Maintenance Maintenance &amp; Feature Updates For WordPress sites, WooCommerce stores and React\/Next.js apps. Keep your website running smoothly and evolving with your needs. Whether you need quick fixes, ongoing updates, or new features added to your WordPress site or custom app. We offer reliable and efficient development support, hourly or fixed rate. Maintenance offerings&hellip;","_links":{"self":[{"href":"https:\/\/sivukehitys.com\/fi\/wp-json\/wp\/v2\/pages\/2532","targetHints":{"allow":["GET"]}}],"collection":[{"href":"https:\/\/sivukehitys.com\/fi\/wp-json\/wp\/v2\/pages"}],"about":[{"href":"https:\/\/sivukehitys.com\/fi\/wp-json\/wp\/v2\/types\/page"}],"author":[{"embeddable":true,"href":"https:\/\/sivukehitys.com\/fi\/wp-json\/wp\/v2\/users\/1"}],"replies":[{"embeddable":true,"href":"https:\/\/sivukehitys.com\/fi\/wp-json\/wp\/v2\/comments?post=2532"}],"version-history":[{"count":51,"href":"https:\/\/sivukehitys.com\/fi\/wp-json\/wp\/v2\/pages\/2532\/revisions"}],"predecessor-version":[{"id":4136,"href":"https:\/\/sivukehitys.com\/fi\/wp-json\/wp\/v2\/pages\/2532\/revisions\/4136"}],"wp:attachment":[{"href":"https:\/\/sivukehitys.com\/fi\/wp-json\/wp\/v2\/media?parent=2532"}],"curies":[{"name":"wp","href":"https:\/\/api.w.org\/{rel}","templated":true}]}}